{"id":7,"date":"2023-11-11T13:54:28","date_gmt":"2023-11-11T13:54:28","guid":{"rendered":"https:\/\/www.tamar.cz\/?page_id=7"},"modified":"2023-11-11T17:00:40","modified_gmt":"2023-11-11T17:00:40","slug":"predstaveni","status":"publish","type":"page","link":"https:\/\/www.tamar.cz\/","title":{"rendered":"predstaveni"},"content":{"rendered":"<div class=\"brz-root__container brz-reset-all\">\n<section data-brz-uid=\"xxkeduwomxfbwhsucnuqwylhgpmggktbgugk\" id=\"xxkeduwomxfbwhsucnuqwylhgpmggktbgugk\" class=\"brz-section brz-css-vktry\">\n<div class=\"brz-section__content brz-section--boxed brz-css-yqjbe\" data-brz-custom-id=\"kifpifuwiovqscvxcopfyiaevjhsdycwbykh\">\n<div class=\"brz-container brz-css-zrqvw\">\n<div id class=\"brz-css-qwrvl brz-css-lniix brz-wrapper\">\n<div class=\"brz-rich-text brz-rich-text__custom brz-css-wvtsn\" data-brz-custom-id=\"bapbwnddfrllcihhnerafgphoioxhhemruhy\">\n<div data-brz-translate-text=\"1\">\n<h2 class=\"brz-text-lg-center brz-tp-lg-heading2 brz-css-rjdki\" data-generated-css=\"brz-css-flabb\" data-uniq-id=\"lcnlz\"><span class=\"brz-cp-color2\">ahoj, jsem T\u00e1mar Jandov\u00e1<\/span><\/h2>\n<\/div>\n<\/div>\n<\/div>\n<div id class=\"brz-css-qwrvl brz-css-nypvt brz-wrapper\">\n<div class=\"brz-rich-text brz-rich-text__custom brz-css-wvtsn\" data-brz-custom-id=\"cmbiafngpjqkaciccfyfhvjyfbneeoorwbly\">\n<div data-brz-translate-text=\"1\">\n<p class=\"brz-fs-lg-20 brz-ft-google brz-ff-overpass brz-tp-lg-empty brz-lh-lg-1_8 brz-ls-lg-0 brz-fw-lg-400 brz-fss-lg-px brz-text-lg-center brz-css-ndolz\" data-uniq-id=\"wdkrs\" data-generated-css=\"brz-css-qqcbq\"><span class=\"brz-cp-color7\">Narodila jsem se v p\u00e1tek 10. listopadu v 15:20 s v\u00e1hou \u00factyhodn\u00fdch 4 215 g. <\/span><\/p>\n<p class=\"brz-fs-lg-20 brz-ft-google brz-ff-overpass brz-tp-lg-empty brz-lh-lg-1_8 brz-ls-lg-0 brz-fw-lg-400 brz-fss-lg-px brz-text-lg-center brz-css-ozrer\" data-uniq-id=\"icqhc\" data-generated-css=\"brz-css-jitjg\"><span class=\"brz-cp-color7\">Ob\u011b jsme s m\u00e1mou v po\u0159\u00e1dku. <\/span><\/p>\n<p class=\"brz-fs-lg-20 brz-ft-google brz-ff-overpass brz-tp-lg-empty brz-lh-lg-1_8 brz-ls-lg-0 brz-fw-lg-400 brz-fss-lg-px brz-text-lg-center brz-css-rsvnx\" data-uniq-id=\"icqhc\" data-generated-css=\"brz-css-jitjg\"><span class=\"brz-cp-color7\">Doma se na n\u00e1s t\u011b\u0161\u00ed t\u00e1ta Franta s Just\u00fdnou, Rebekou a Norbertem. <\/span><\/p>\n<\/div>\n<\/div>\n<\/div>\n<div id class=\"brz-css-qwrvl brz-css-pqfqb brz-css-jgctj brz-wrapper\">\n<div class=\"brz-spacer brz-css-iauqa brz-css-degye\"><\/div>\n<\/div>\n<div id class=\"brz-css-qwrvl brz-wrapper\">\n<div class=\"brz-image__gallery\" data-brz-custom-id=\"jovetjffbwkkhapxdthdzfpuxoghedjibgih\">\n<div class=\"brz-image__gallery-container\">\n<div class=\"brz-image__gallery-wrapper brz-d-xs-flex brz-flex-xs-wrap brz-image__gallery-masonry brz-css-rkktp\" data-settings=\"%7B%22type%22%3A%22masonry%22%2C%22settings%22%3A%7B%22itemSelector%22%3A%22.brz-image__gallery-item%22%2C%22masonry%22%3A%7B%22columnWidth%22%3A%22.brz-image__gallery-item%22%7D%7D%7D\">\n<div class=\"brz-image__gallery-item\">\n<div class=\"brz-image brz-css-dejwb\" data-brz-custom-id=\"beoadirtftepejqligvuoiwhnbvsecrugxnd\"><img decoding=\"async\" class=\"brz-img\" src=\"https:\/\/www.tamar.cz\/wp-content\/uploads\/brizy\/imgs\/v-cepicce--583x583x0x0x583x583x1699711929.jpg\" alt=\"\" loading=\"lazy\"><\/div>\n<\/div>\n<div class=\"brz-image__gallery-item\">\n<div class=\"brz-image brz-css-bqxkf\" data-brz-custom-id=\"txtqswsmdvfdwrhjwrapoaynqeqpqvemanyl\"><img decoding=\"async\" class=\"brz-img\" src=\"https:\/\/www.tamar.cz\/wp-content\/uploads\/brizy\/imgs\/udivena-583x1036x0x0x583x1036x1699711928.jpg\" alt=\"\" loading=\"lazy\"><\/div>\n<\/div>\n<div class=\"brz-image__gallery-item\">\n<div class=\"brz-image brz-css-pspyw\" data-brz-custom-id=\"scbblcmuoaqscmgxiossollvkyuwmdbxdeap\"><img decoding=\"async\" class=\"brz-img\" src=\"https:\/\/www.tamar.cz\/wp-content\/uploads\/brizy\/imgs\/na-vaze--583x437x0x0x583x437x1699711927.jpg\" alt=\"\" loading=\"lazy\"><\/div>\n<\/div>\n<div class=\"brz-image__gallery-item\">\n<div class=\"brz-image brz-css-dfgxh\" data-brz-custom-id=\"plaocpmrlyzsqasvvkjmwpwkvvsnkmertcps\"><img decoding=\"async\" class=\"brz-img\" src=\"https:\/\/www.tamar.cz\/wp-content\/uploads\/brizy\/imgs\/mazleni-1-1-583x777x0x0x583x777x1699720649.jpg\" alt=\"\" loading=\"lazy\"><\/div>\n<\/div>\n<div class=\"brz-image__gallery-item\">\n<div class=\"brz-image brz-css-ogvwv\" data-brz-custom-id=\"hriajwqeujbhvdfyglsqkadigagwmnozgyxf\"><img decoding=\"async\" class=\"brz-img\" src=\"https:\/\/www.tamar.cz\/wp-content\/uploads\/brizy\/imgs\/lezici-spici--583x1293x0x0x583x1293x1699711924.jpg\" alt=\"\" loading=\"lazy\"><\/div>\n<\/div>\n<div class=\"brz-image__gallery-item\">\n<div class=\"brz-image brz-css-yrrhv\" data-brz-custom-id=\"sqjsltpzrqvgugwlolbfoqjaazyqmlufajco\"><img decoding=\"async\" class=\"brz-img\" src=\"https:\/\/www.tamar.cz\/wp-content\/uploads\/brizy\/imgs\/focus-583x437x0x0x583x437x1699711923.jpg\" alt=\"\" loading=\"lazy\"><\/div>\n<\/div>\n<div class=\"brz-image__gallery-item\">\n<div class=\"brz-image brz-css-bacto\" data-brz-custom-id=\"bkofuyejlesbtjeshriylcouxgnciscllbsx\"><img decoding=\"async\" class=\"brz-img\" src=\"https:\/\/www.tamar.cz\/wp-content\/uploads\/brizy\/imgs\/s-tatou--583x583x0x0x583x583x1699712426.jpg\" alt=\"\" loading=\"lazy\"><\/div>\n<\/div>\n<\/div>\n<\/div>\n<\/div>\n<\/div>\n<\/div>\n<\/div>\n<\/section>\n<\/div>\n<p>    <!-- version:1699722040 --><\/p>\n","protected":false},"excerpt":{"rendered":"<p>ahoj, jsem T\u00e1mar Jandov\u00e1 Narodila jsem se v p\u00e1tek 10. listopadu v 15:20 s v\u00e1hou \u00factyhodn\u00fdch 4 215 g. Ob\u011b jsme s m\u00e1mou v po\u0159\u00e1dku. Doma se na n\u00e1s t\u011b\u0161\u00ed t\u00e1ta Franta s Just\u00fdnou, Rebekou a Norbertem.<\/p>\n","protected":false},"author":1,"featured_media":0,"parent":0,"menu_order":0,"comment_status":"closed","ping_status":"closed","template":"brizy-blank-template.php","meta":{"footnotes":""},"class_list":["post-7","page","type-page","status-publish","hentry"],"_links":{"self":[{"href":"https:\/\/www.tamar.cz\/index.php?rest_route=\/wp\/v2\/pages\/7","targetHints":{"allow":["GET"]}}],"collection":[{"href":"https:\/\/www.tamar.cz\/index.php?rest_route=\/wp\/v2\/pages"}],"about":[{"href":"https:\/\/www.tamar.cz\/index.php?rest_route=\/wp\/v2\/types\/page"}],"author":[{"embeddable":true,"href":"https:\/\/www.tamar.cz\/index.php?rest_route=\/wp\/v2\/users\/1"}],"replies":[{"embeddable":true,"href":"https:\/\/www.tamar.cz\/index.php?rest_route=%2Fwp%2Fv2%2Fcomments&post=7"}],"version-history":[{"count":11,"href":"https:\/\/www.tamar.cz\/index.php?rest_route=\/wp\/v2\/pages\/7\/revisions"}],"predecessor-version":[{"id":48,"href":"https:\/\/www.tamar.cz\/index.php?rest_route=\/wp\/v2\/pages\/7\/revisions\/48"}],"wp:attachment":[{"href":"https:\/\/www.tamar.cz\/index.php?rest_route=%2Fwp%2Fv2%2Fmedia&parent=7"}],"curies":[{"name":"wp","href":"https:\/\/api.w.org\/{rel}","templated":true}]}}